{"id":9792,"date":"2023-04-18T15:34:45","date_gmt":"2023-04-18T15:34:45","guid":{"rendered":"https:\/\/flamencobiennale.nl\/steun-de-flamenco-biennale-nederland\/"},"modified":"2023-11-15T16:48:53","modified_gmt":"2023-11-15T16:48:53","slug":"steun-de-flamenco-biennale-nederland","status":"publish","type":"page","link":"https:\/\/flamencobiennale.nl\/en\/steun-de-flamenco-biennale-nederland\/","title":{"rendered":"Steun de Flamenco Bi\u00ebnnale en maak het mogelijk!"},"content":{"rendered":"<div class=\"hero-image\" style=\"margin-bottom: 520px;\"><img class=\"topImage\" src=\"\/wp-content\/uploads\/2023\/05\/steun-de-fbn.jpg\" \/><\/div>\n<div class=\"content\">\n<p>&nbsp;<\/p>\n<div class=\"word-vriend-wrapper\" style=\"padding:0;margin-top:-40px;\">\n<div class=\"container\">\n<div class=\"row justify-content-center\">\n<div class=\"col-md-6\">\n<h1>Support the Flamenco Biennial!<\/h1>\n<p>\u00a1Become a Friend of the Dutch Flamenco Biennial! The Dutch Flamenco Biennial stands for quality. To continue realising our international programming and unique reportages in the way that we would like, your contribution is indispensable. Private donations are a huge support for us when putting our programme together. With a donation, big or small, you can give a boost to the future of the Flamenco Biennial. Your support enables us to guarantee our high artistic quality, to surprise you with original, in-house productions, to inspire you with deeply-felt vocals or contemporary dance, and to continue to bring the cutting edge of international flamenco to the Netherlands. Choose the friends level that works for you, we\u2019d be delighted to welcome you. \u00a1Gracias!<\/p>\n<\/div>\n<\/div>\n<\/div>\n<div class=\"container\">\n<div class=\"row justify-content-center\">\n<div class=\"col-md-6\">\n<p id=\"linkDonatie\"><strong>Become a friend<\/strong><\/p>\n<p>Would you like to donate with a tax benefit? Then convert your donation into a periodic donation for five years. Through a donation agreement you immediately take advantage of tax benefits via the Donation Act. The Flamenco Biennale Foundation has been designated by the Tax Authorities as a cultural ANBI (Public Benefit Organization) \u2013 your donation is therefore tax deductible under certain conditions. You can view the public data of our ANBI on the <a href=\"https:\/\/anbi.federatiecultuur.nl\/ Organisatie\/kunsten-92\/stichting-flamenco-biennale\/\">website of Federation Culture<\/a>. To take advantage of this tax benefit, email to: <a href=\"mailto:vrienden@flamencobiennale.nl\">vrienden@flamencobiennale.nl<\/a> We will then send the donation form by e-mail or by post.<\/p>\n<p><strong>One-time donation<\/strong><\/p>\n<p>One-off donations are also very welcome. You can transfer your donation to the account number of the Flamenco Biennale: IBAN NL37 INGB 0004 2892 76, or use the box below.<\/p>\n<\/div>\n<\/div>\n<\/div>\n<div class=\"container\">\n<div class=\"row justify-content-center\">\n<div class=\"col-md-6\"><\/div>\n<\/div>\n<\/div>\n<div class=\"container\">\n<div class=\"word-vriend-wrapper__donation-form\">\n<div class=\"donation-popup-wrapper\"><script src=\"https:\/\/donorbox.org\/widget.js\" paypalexpress=\"false\"><\/script><\/p>\n<div class=\"donation-iframe-wrapper\"><iframe loading=\"lazy\" style=\"max-width: 500px; min-width: 250px; max-height: none !important; height: 529px;\" src=\"https:\/\/donorbox.org\/embed\/donatie-aan-flamenco-biennale\" name=\"donorbox\" width=\"100%\" height=\"541px\" frameborder=\"0\" scrolling=\"no\" seamless=\"seamless\" data-donorbox-id=\"DonorBox-f1\"><\/iframe><\/div>\n<\/div>\n<\/div>\n<div class=\"row justify-content-center no-gutters\">\n<div class=\"col-md-8 col-lg-6\">\n<div class=\"newsletter-wrapper\">\n<div class=\"newsletter-inner\">\n<h3>Subscribe to our newsletter<\/h3>\n<form id=\"mc-embedded-subscribe-form\" class=\"row no-gutters validate\" action=\"https:\/\/flamencobiennale.us6.list-manage.com\/subscribe\/post?u=28e608ada433182deafa376a3&amp;id=c505b4cc93\" method=\"post\" name=\"mc-embedded-subscribe-form\" novalidate=\"novalidate\" target=\"_blank\">\n<div class=\"col-md-12 form-group mc-field-group\"><input id=\"mce-FNAME\" class=\"form-control\" name=\"FNAME\" type=\"text\" placeholder=\"First name\" \/><\/div>\n<div class=\"col-md-12 form-group mc-field-group\"><input class=\"form-control required email\" name=\"EMAIL\" type=\"email\" placeholder=\"E-mail address\" aria-required=\"true\" \/><\/div>\n<div id=\"mce-responses\" class=\"clear\">\n<div id=\"mce-error-response\" class=\"response\" style=\"display: none;\"><\/div>\n<div id=\"mce-success-response\" class=\"response\" style=\"display: none;\"><\/div>\n<\/div>\n<p><!-- real people should not fill this in and expect good things - do not remove this or risk form bot signups--><\/p>\n<div class=\"col-md-12 form-group\"><button id=\"mc-embedded-subscribe\" class=\"button button--red-background\" name=\"subscribe\" type=\"submit\"><br \/>\nAanmelden <\/button><\/div>\n<\/form>\n<\/div>\n<\/div>\n<\/div>\n<\/div>\n<p><script type=\"text\/javascript\" src=\"\/\/s3.amazonaws.com\/downloads.mailchimp.com\/js\/mc-validate.js\"><\/script><br \/>\n<script type=\"text\/javascript\">(function ($) {\n    window.fnames = new Array();\n    window.ftypes = new Array();\n    fnames[1] = 'FNAME';\n    ftypes[1] = 'text';\n    fnames[0] = 'EMAIL';\n    ftypes[0] = 'email';\n  }(jQuery));\n  var $mcj = jQuery.noConflict(true);<\/script><br \/>\n<!--End mc_embed_signup--><\/p>\n<\/div>\n<div class=\"related-news\">\n<div class=\"container\">\n<div class=\"row\">\n<div class=\"col-md-12\">\n<div class=\"related-news--top\">\n<h2>News<\/h2>\n<p><a class=\"read-more\" href=\"https:\/\/flamencobiennale.nl\/en\/news\/\">View all<\/a><\/p>\n<\/div>\n<\/div>\n<\/div>\n<div class=\"news-listing\">\n<div class=\"row\">\n<div class=\"col-md-4\">\n<article>\n<div class=\"image-wrapper\">\n<figure class=\"image-ratio\"><img src=\"https:\/\/flamencobiennale.nl\/wp-content\/uploads\/2023\/03\/21.jpg\" \/><\/figure>\n<\/div>\n<div class=\"news-details\">\n<h5>Aftermovie FBN 2023<\/h5>\n<div class=\"news-meta\"><span class=\"category\">News<\/span><br \/>\n<span class=\"date\">14 MRT. 2023<\/span><\/div>\n<\/div>\n<p>&nbsp;<\/p>\n<\/article>\n<\/div>\n<div class=\"col-md-4\">\n<article>\n<div class=\"image-wrapper\">\n<figure class=\"image-ratio\"><img src=\"https:\/\/flamencobiennale.nl\/wp-content\/uploads\/2023\/03\/Antipodas-Flamenco-Biennale-2023-Q7A9914x-\u00a9-Marjon-Broeks-scaled.jpg\" \/><\/figure>\n<\/div>\n<div class=\"news-details\">\n<h5>De Negende Voltooid<\/h5>\n<div class=\"news-meta\"><span class=\"category\">News<\/span><br \/>\n<span class=\"date\">01 MRT. 2023<\/span><\/div>\n<\/div>\n<p>&nbsp;<\/p>\n<\/article>\n<\/div>\n<div class=\"col-md-4\">\n<article>\n<div class=\"image-wrapper\">\n<figure class=\"image-ratio\"><img src=\"https:\/\/flamencobiennale.nl\/wp-content\/uploads\/2023\/02\/Farruquito-Flamenco-biennale-2023-foto-eric-van-nieuwland-211416.jpg\" \/><\/figure>\n<\/div>\n<div class=\"news-details\">\n<h5>Grande Finale<\/h5>\n<div class=\"news-meta\"><span class=\"date\">20 FEB. 2023<\/span><\/div>\n<\/div>\n<p>&nbsp;<\/p>\n<\/article>\n<\/div>\n<\/div>\n<\/div>\n<\/div>\n<\/div>\n<\/div>\n<p>&nbsp;<\/p>\n<\/div>\n","protected":false},"excerpt":{"rendered":"<p>&nbsp; Support the Flamenco Biennial! \u00a1Become a Friend of the Dutch Flamenco Biennial! The Dutch Flamenco Biennial stands for quality. To continue realising our international programming and unique reportages in the way that we would like, your contribution is indispensable. Private donations are a huge support for us when putting our programme together. With a &hellip; <a href=\"https:\/\/flamencobiennale.nl\/en\/steun-de-flamenco-biennale-nederland\/\">Continued<\/a><\/p>\n","protected":false},"author":10,"featured_media":0,"parent":0,"menu_order":0,"comment_status":"closed","ping_status":"closed","template":"views\/template-custom.blade.php","meta":[],"yoast_head":"<!-- This site is optimized with the Yoast SEO plugin v20.5 - https:\/\/yoast.com\/wordpress\/plugins\/seo\/ -->\n<title>Steun de Flamenco Bi\u00ebnnale en maak het mogelijk!<\/title>\n<meta name=\"description\" content=\"Flamenco Bi\u00ebnnale | Nieuwsgierig naar andere geluiden, dwarse stappen, eigentijdse choreografie\u00ebn en een eeuwenoude zang?\" \/>\n<meta name=\"robots\" content=\"index, follow, max-snippet:-1, max-image-preview:large, max-video-preview:-1\" \/>\n<link rel=\"canonical\" href=\"https:\/\/flamencobiennale.nl\/en\/steun-de-flamenco-biennale-nederland\/\" \/>\n<meta property=\"og:locale\" content=\"en_US\" \/>\n<meta property=\"og:type\" content=\"article\" \/>\n<meta property=\"og:title\" content=\"Steun de Flamenco Bi\u00ebnnale en maak het mogelijk!\" \/>\n<meta property=\"og:description\" content=\"Flamenco Bi\u00ebnnale | Nieuwsgierig naar andere geluiden, dwarse stappen, eigentijdse choreografie\u00ebn en een eeuwenoude zang?\" \/>\n<meta property=\"og:url\" content=\"https:\/\/flamencobiennale.nl\/en\/steun-de-flamenco-biennale-nederland\/\" \/>\n<meta property=\"og:site_name\" content=\"Flamenco Bi\u00ebnnale\" \/>\n<meta property=\"article:modified_time\" content=\"2023-11-15T16:48:53+00:00\" \/>\n<meta property=\"og:image\" content=\"https:\/\/flamencobiennale.nl\/wp-content\/uploads\/2023\/03\/21.jpg\" \/>\n<meta name=\"twitter:card\" content=\"summary_large_image\" \/>\n<meta name=\"twitter:label1\" content=\"Est. reading time\" \/>\n\t<meta name=\"twitter:data1\" content=\"3 minutes\" \/>\n<script type=\"application\/ld+json\" class=\"yoast-schema-graph\">{\"@context\":\"https:\/\/schema.org\",\"@graph\":[{\"@type\":\"WebPage\",\"@id\":\"https:\/\/flamencobiennale.nl\/en\/steun-de-flamenco-biennale-nederland\/\",\"url\":\"https:\/\/flamencobiennale.nl\/en\/steun-de-flamenco-biennale-nederland\/\",\"name\":\"Steun de Flamenco Bi\u00ebnnale en maak het mogelijk!\",\"isPartOf\":{\"@id\":\"https:\/\/flamencobiennale.nl\/#website\"},\"datePublished\":\"2023-04-18T15:34:45+00:00\",\"dateModified\":\"2023-11-15T16:48:53+00:00\",\"description\":\"Flamenco Bi\u00ebnnale | Nieuwsgierig naar andere geluiden, dwarse stappen, eigentijdse choreografie\u00ebn en een eeuwenoude zang?\",\"breadcrumb\":{\"@id\":\"https:\/\/flamencobiennale.nl\/en\/steun-de-flamenco-biennale-nederland\/#breadcrumb\"},\"inLanguage\":\"en-US\",\"potentialAction\":[{\"@type\":\"ReadAction\",\"target\":[\"https:\/\/flamencobiennale.nl\/en\/steun-de-flamenco-biennale-nederland\/\"]}]},{\"@type\":\"BreadcrumbList\",\"@id\":\"https:\/\/flamencobiennale.nl\/en\/steun-de-flamenco-biennale-nederland\/#breadcrumb\",\"itemListElement\":[{\"@type\":\"ListItem\",\"position\":1,\"name\":\"Home\",\"item\":\"https:\/\/flamencobiennale.nl\/en\/\"},{\"@type\":\"ListItem\",\"position\":2,\"name\":\"Steun de Flamenco Bi\u00ebnnale en maak het mogelijk!\"}]},{\"@type\":\"WebSite\",\"@id\":\"https:\/\/flamencobiennale.nl\/#website\",\"url\":\"https:\/\/flamencobiennale.nl\/\",\"name\":\"Flamenco Bi\u00ebnnale\",\"description\":\"\",\"publisher\":{\"@id\":\"https:\/\/flamencobiennale.nl\/#organization\"},\"potentialAction\":[{\"@type\":\"SearchAction\",\"target\":{\"@type\":\"EntryPoint\",\"urlTemplate\":\"https:\/\/flamencobiennale.nl\/?s={search_term_string}\"},\"query-input\":\"required name=search_term_string\"}],\"inLanguage\":\"en-US\"},{\"@type\":\"Organization\",\"@id\":\"https:\/\/flamencobiennale.nl\/#organization\",\"name\":\"Flamenco Bi\u00ebnnale Nederland\",\"url\":\"https:\/\/flamencobiennale.nl\/\",\"logo\":{\"@type\":\"ImageObject\",\"inLanguage\":\"en-US\",\"@id\":\"https:\/\/flamencobiennale.nl\/#\/schema\/logo\/image\/\",\"url\":\"https:\/\/flamencobiennale.nl\/wp-content\/uploads\/2021\/11\/FB_LogoAvatar.png\",\"contentUrl\":\"https:\/\/flamencobiennale.nl\/wp-content\/uploads\/2021\/11\/FB_LogoAvatar.png\",\"width\":1081,\"height\":1080,\"caption\":\"Flamenco Bi\u00ebnnale Nederland\"},\"image\":{\"@id\":\"https:\/\/flamencobiennale.nl\/#\/schema\/logo\/image\/\"}}]}<\/script>\n<!-- \/ Yoast SEO plugin. -->","yoast_head_json":{"title":"Steun de Flamenco Bi\u00ebnnale en maak het mogelijk!","description":"Flamenco Bi\u00ebnnale | Nieuwsgierig naar andere geluiden, dwarse stappen, eigentijdse choreografie\u00ebn en een eeuwenoude zang?","robots":{"index":"index","follow":"follow","max-snippet":"max-snippet:-1","max-image-preview":"max-image-preview:large","max-video-preview":"max-video-preview:-1"},"canonical":"https:\/\/flamencobiennale.nl\/en\/steun-de-flamenco-biennale-nederland\/","og_locale":"en_US","og_type":"article","og_title":"Steun de Flamenco Bi\u00ebnnale en maak het mogelijk!","og_description":"Flamenco Bi\u00ebnnale | Nieuwsgierig naar andere geluiden, dwarse stappen, eigentijdse choreografie\u00ebn en een eeuwenoude zang?","og_url":"https:\/\/flamencobiennale.nl\/en\/steun-de-flamenco-biennale-nederland\/","og_site_name":"Flamenco Bi\u00ebnnale","article_modified_time":"2023-11-15T16:48:53+00:00","og_image":[{"url":"https:\/\/flamencobiennale.nl\/wp-content\/uploads\/2023\/03\/21.jpg"}],"twitter_card":"summary_large_image","twitter_misc":{"Est. reading time":"3 minutes"},"schema":{"@context":"https:\/\/schema.org","@graph":[{"@type":"WebPage","@id":"https:\/\/flamencobiennale.nl\/en\/steun-de-flamenco-biennale-nederland\/","url":"https:\/\/flamencobiennale.nl\/en\/steun-de-flamenco-biennale-nederland\/","name":"Steun de Flamenco Bi\u00ebnnale en maak het mogelijk!","isPartOf":{"@id":"https:\/\/flamencobiennale.nl\/#website"},"datePublished":"2023-04-18T15:34:45+00:00","dateModified":"2023-11-15T16:48:53+00:00","description":"Flamenco Bi\u00ebnnale | Nieuwsgierig naar andere geluiden, dwarse stappen, eigentijdse choreografie\u00ebn en een eeuwenoude zang?","breadcrumb":{"@id":"https:\/\/flamencobiennale.nl\/en\/steun-de-flamenco-biennale-nederland\/#breadcrumb"},"inLanguage":"en-US","potentialAction":[{"@type":"ReadAction","target":["https:\/\/flamencobiennale.nl\/en\/steun-de-flamenco-biennale-nederland\/"]}]},{"@type":"BreadcrumbList","@id":"https:\/\/flamencobiennale.nl\/en\/steun-de-flamenco-biennale-nederland\/#breadcrumb","itemListElement":[{"@type":"ListItem","position":1,"name":"Home","item":"https:\/\/flamencobiennale.nl\/en\/"},{"@type":"ListItem","position":2,"name":"Steun de Flamenco Bi\u00ebnnale en maak het mogelijk!"}]},{"@type":"WebSite","@id":"https:\/\/flamencobiennale.nl\/#website","url":"https:\/\/flamencobiennale.nl\/","name":"Flamenco Bi\u00ebnnale","description":"","publisher":{"@id":"https:\/\/flamencobiennale.nl\/#organization"},"potentialAction":[{"@type":"SearchAction","target":{"@type":"EntryPoint","urlTemplate":"https:\/\/flamencobiennale.nl\/?s={search_term_string}"},"query-input":"required name=search_term_string"}],"inLanguage":"en-US"},{"@type":"Organization","@id":"https:\/\/flamencobiennale.nl\/#organization","name":"Flamenco Bi\u00ebnnale Nederland","url":"https:\/\/flamencobiennale.nl\/","logo":{"@type":"ImageObject","inLanguage":"en-US","@id":"https:\/\/flamencobiennale.nl\/#\/schema\/logo\/image\/","url":"https:\/\/flamencobiennale.nl\/wp-content\/uploads\/2021\/11\/FB_LogoAvatar.png","contentUrl":"https:\/\/flamencobiennale.nl\/wp-content\/uploads\/2021\/11\/FB_LogoAvatar.png","width":1081,"height":1080,"caption":"Flamenco Bi\u00ebnnale Nederland"},"image":{"@id":"https:\/\/flamencobiennale.nl\/#\/schema\/logo\/image\/"}}]}},"_links":{"self":[{"href":"https:\/\/flamencobiennale.nl\/en\/wp-json\/wp\/v2\/pages\/9792"}],"collection":[{"href":"https:\/\/flamencobiennale.nl\/en\/wp-json\/wp\/v2\/pages"}],"about":[{"href":"https:\/\/flamencobiennale.nl\/en\/wp-json\/wp\/v2\/types\/page"}],"author":[{"embeddable":true,"href":"https:\/\/flamencobiennale.nl\/en\/wp-json\/wp\/v2\/users\/10"}],"replies":[{"embeddable":true,"href":"https:\/\/flamencobiennale.nl\/en\/wp-json\/wp\/v2\/comments?post=9792"}],"version-history":[{"count":4,"href":"https:\/\/flamencobiennale.nl\/en\/wp-json\/wp\/v2\/pages\/9792\/revisions"}],"predecessor-version":[{"id":9796,"href":"https:\/\/flamencobiennale.nl\/en\/wp-json\/wp\/v2\/pages\/9792\/revisions\/9796"}],"wp:attachment":[{"href":"https:\/\/flamencobiennale.nl\/en\/wp-json\/wp\/v2\/media?parent=9792"}],"curies":[{"name":"wp","href":"https:\/\/api.w.org\/{rel}","templated":true}]}}